{"id":984,"date":"2024-03-13T16:32:44","date_gmt":"2024-03-13T15:32:44","guid":{"rendered":"https:\/\/campestellenzeminko.com\/?page_id=984"},"modified":"2024-03-16T10:22:31","modified_gmt":"2024-03-16T09:22:31","slug":"mentions-legales","status":"publish","type":"page","link":"https:\/\/campestellenzeminko.com\/index.php\/mentions-legales\/","title":{"rendered":"Mentions L\u00e9gales"},"content":{"rendered":"\t\t<div data-elementor-type=\"wp-page\" data-elementor-id=\"984\" class=\"elementor elementor-984\">\n\t\t\t\t<div class=\"elementor-element elementor-element-f15e9cf e-con-full e-flex e-con e-parent\" data-id=\"f15e9cf\" data-element_type=\"container\" data-settings=\"{&quot;jet_parallax_layout_list&quot;:[],&quot;background_background&quot;:&quot;classic&quot;}\">\n\t\t\t\t<\/div>\n\t\t<div class=\"elementor-element elementor-element-53c4416 e-flex e-con-boxed e-con e-parent\" data-id=\"53c4416\" data-element_type=\"container\" data-settings=\"{&quot;jet_parallax_layout_list&quot;:[]}\">\n\t\t\t\t\t<div class=\"e-con-inner\">\n\t\t\t\t<div class=\"elementor-element elementor-element-87fc0f0 elementor-widget elementor-widget-heading\" data-id=\"87fc0f0\" data-element_type=\"widget\" data-widget_type=\"heading.default\">\n\t\t\t\t<div class=\"elementor-widget-container\">\n\t\t\t<h2 class=\"elementor-heading-title elementor-size-default\"><a href=\"https:\/\/campestellenzeminko.com\/index.php\/les-intrepides\/\">Mentions l\u00e9gales\n<\/a><\/h2>\t\t<\/div>\n\t\t\t\t<\/div>\n\t\t\t\t<div class=\"elementor-element elementor-element-02f6eda elementor-widget elementor-widget-text-editor\" data-id=\"02f6eda\" data-element_type=\"widget\" data-widget_type=\"text-editor.default\">\n\t\t\t\t<div class=\"elementor-widget-container\">\n\t\t\t\t\t\t\t<div><div data-testid=\"conversation-turn-29\"><div><div><p data-message-author-role=\"assistant\" data-message-id=\"84df9c8e-e8d9-4be7-a1c9-4bd4d24796bc\"><span style=\"text-align: var(--text-align);\">Responsable \u00e9ditorial :\u00a0<\/span><span style=\"font-family: 'Helvetica Neue'; font-size: 13px; text-align: var(--text-align);\">LES INTR\u00c9PIDES HANDBALL ESTELLE NZE MINKO<\/span><\/p><p data-message-author-role=\"assistant\" data-message-id=\"84df9c8e-e8d9-4be7-a1c9-4bd4d24796bc\"><span style=\"font-family: 'Helvetica Neue'; font-size: 13px; text-align: var(--text-align);\">1245, chemin du Moulin,\u00a026790\u00a0Tulette<\/span><\/p><p data-message-author-role=\"assistant\" data-message-id=\"84df9c8e-e8d9-4be7-a1c9-4bd4d24796bc\"><span style=\"font-family: 'Helvetica Neue'; font-size: 13px; text-align: var(--text-align);\">+33 6 18 74 16 90<\/span><\/p><p data-message-author-role=\"assistant\" data-message-id=\"84df9c8e-e8d9-4be7-a1c9-4bd4d24796bc\"><span style=\"text-decoration-line: underline;\"><a href=\"mailto:campestellenzeminko@gmail.com\">campestellenzeminko@gmail.com<\/a><\/span><\/p><p data-message-author-role=\"assistant\" data-message-id=\"84df9c8e-e8d9-4be7-a1c9-4bd4d24796bc\">Directeur de la publication : Estelle Nze Minko<\/p><p data-message-author-role=\"assistant\" data-message-id=\"84df9c8e-e8d9-4be7-a1c9-4bd4d24796bc\">H\u00e9bergeur :\u00a0<\/p><p data-message-author-role=\"assistant\" data-message-id=\"84df9c8e-e8d9-4be7-a1c9-4bd4d24796bc\"><a style=\"text-align: var(--text-align); background-color: #ffffe8;\" href=\"http:\/\/ovh.com\" target=\"_blank\" rel=\"noopener\">OVHSAS<\/a>\u00a0au capital de 10 174 560 \u20acRCS Lille M\u00e9tropole 424 761 419 00045<br \/>Code APE 2620Z<br \/>N\u00b0 TVA : FR 22 424 761 419<br \/>Si\u00e8ge social : 2 rue Kellermann &#8211; 59100 Roubaix &#8211; France<\/p><p data-message-author-role=\"assistant\" data-message-id=\"84df9c8e-e8d9-4be7-a1c9-4bd4d24796bc\">Propri\u00e9t\u00e9 intellectuelle : Le contenu de ce site internet est prot\u00e9g\u00e9 par les lois sur la propri\u00e9t\u00e9 intellectuelle et est la propri\u00e9t\u00e9 exclusive de\u00a0<span style=\"text-align: var(--text-align); font-family: 'Helvetica Neue'; font-size: 13px;\">LES INTR\u00c9PIDES HANDBALL ESTELLE NZE MINKO<\/span><span style=\"text-align: var(--text-align);\">sauf indication contraire. Toute reproduction ou utilisation sans autorisation pr\u00e9alable est strictement interdite.<\/span><\/p><p data-message-author-role=\"assistant\" data-message-id=\"84df9c8e-e8d9-4be7-a1c9-4bd4d24796bc\">Collecte de donn\u00e9es personnelles :<\/p><p data-message-author-role=\"assistant\" data-message-id=\"84df9c8e-e8d9-4be7-a1c9-4bd4d24796bc\">Les informations recueillies \u00e0 travers ce site font l&#8217;objet d&#8217;un traitement informatique destin\u00e9 \u00e0\u00a0<span style=\"font-family: 'Helvetica Neue'; font-size: 13px;\">LES INTR\u00c9PIDES HANDBALL ESTELLE NZE MINKO\u00a0<\/span>dans le but unique des inscriptions au camp. Conform\u00e9ment \u00e0 la loi &#8220;Informatique et Libert\u00e9s&#8221; du 6 janvier 1978 modifi\u00e9e, vous disposez d&#8217;un droit d&#8217;acc\u00e8s, de rectification et de suppression des donn\u00e9es vous concernant. Vous pouvez exercer ce droit en nous contactant par e-mail \u00e0\u00a0<a style=\"font-family: 'Helvetica Neue'; font-size: 13px; text-align: var(--text-align); background-color: #ffffe8;\" href=\"mailto:campestellenzeminko@gmail.com\">campestellenzeminko@gmail.com<\/a><span style=\"text-align: var(--text-align);\">.<\/span><\/p><p data-message-author-role=\"assistant\" data-message-id=\"84df9c8e-e8d9-4be7-a1c9-4bd4d24796bc\">Limitation de responsabilit\u00e9 :\u00a0<span style=\"text-align: var(--text-align); font-family: 'Helvetica Neue'; font-size: 13px;\">LES INTR\u00c9PIDES HANDBALL ESTELLE NZE MINKO<\/span><span style=\"text-align: var(--text-align);\">\u00a0s&#8217;efforce de fournir des informations pr\u00e9cises et \u00e0 jour sur ce site, mais ne peut garantir l&#8217;exactitude ou l&#8217;exhaustivit\u00e9 des informations fournies.\u00a0<\/span><span style=\"text-align: var(--text-align); font-family: 'Helvetica Neue'; font-size: 13px;\">LES INTR\u00c9PIDES HANDBALL ESTELLE NZE MINKO<\/span><span style=\"text-align: var(--text-align);\">d\u00e9cline toute responsabilit\u00e9 en cas de dommages directs ou indirects r\u00e9sultant de l&#8217;utilisation de ce site ou de son contenu.<\/span>Pour toute question ou r\u00e9clamation concernant ce site, veuillez nous contacter \u00e0\u00a0<a style=\"font-family: 'Helvetica Neue'; font-size: 13px; text-align: var(--text-align); background-color: #ffffe8;\" href=\"mailto:campestellenzeminko@gmail.com\">campestellenzeminko@gmail.com<\/a><span style=\"text-align: var(--text-align);\">.<\/span><\/p><\/div><p class=\"p1\">Propri\u00e9t\u00e9 intellectuelle :<\/p><p class=\"p1\">Le contenu de ce site internet, y compris mais sans s&#8217;y limiter, les textes, les images, les vid\u00e9os, et les graphiques, est prot\u00e9g\u00e9 par les lois sur la propri\u00e9t\u00e9 intellectuelle et est la propri\u00e9t\u00e9 exclusive de Les intr\u00e9pides Handball Estelle Nze Minko sauf indication contraire. Toute reproduction ou utilisation sans autorisation pr\u00e9alable est strictement interdite.<\/p><p class=\"p1\">Les photos utilis\u00e9es sur ce site sont de <a href=\"http:\/\/julietteservant.com\">Juliette Servant<\/a>, et le logo est con\u00e7u par Marie Olive. Toute utilisation, reproduction ou distribution de ces \u00e9l\u00e9ments sans autorisation pr\u00e9alable est interdite.<\/p><div><hr \/><\/div><div><div>\u00a0<\/div><div>\u00a0<\/div><\/div><\/div><div>\u00a0<\/div><\/div><\/div><div><form><div>\u00a0<\/div><\/form><\/div>\t\t\t\t\t\t<\/div>\n\t\t\t\t<\/div>\n\t\t\t\t\t<\/div>\n\t\t\t\t<\/div>\n\t\t\t\t<\/div>\n\t\t","protected":false},"excerpt":{"rendered":"<p>Mentions l\u00e9gales Responsable \u00e9ditorial :\u00a0LES INTR\u00c9PIDES HANDBALL ESTELLE NZE MINKO 1245, chemin du Moulin,\u00a026790\u00a0Tulette +33 6 18 74 16 90 campestellenzeminko@gmail.com Directeur de la publication : Estelle Nze Minko H\u00e9bergeur :\u00a0 OVHSAS\u00a0au capital de 10 174 560 \u20acRCS Lille M\u00e9tropole 424 761 419 00045Code APE 2620ZN\u00b0 TVA : FR 22 424 761 419Si\u00e8ge social : [&hellip;]<\/p>\n","protected":false},"author":1,"featured_media":0,"parent":0,"menu_order":0,"comment_status":"closed","ping_status":"closed","template":"","meta":{"_acf_changed":false,"_monsterinsights_skip_tracking":false,"_monsterinsights_sitenote_active":false,"_monsterinsights_sitenote_note":"","_monsterinsights_sitenote_category":0,"footnotes":""},"class_list":["post-984","page","type-page","status-publish","hentry"],"acf":[],"aioseo_notices":[],"_links":{"self":[{"href":"https:\/\/campestellenzeminko.com\/index.php\/wp-json\/wp\/v2\/pages\/984","targetHints":{"allow":["GET"]}}],"collection":[{"href":"https:\/\/campestellenzeminko.com\/index.php\/wp-json\/wp\/v2\/pages"}],"about":[{"href":"https:\/\/campestellenzeminko.com\/index.php\/wp-json\/wp\/v2\/types\/page"}],"author":[{"embeddable":true,"href":"https:\/\/campestellenzeminko.com\/index.php\/wp-json\/wp\/v2\/users\/1"}],"replies":[{"embeddable":true,"href":"https:\/\/campestellenzeminko.com\/index.php\/wp-json\/wp\/v2\/comments?post=984"}],"version-history":[{"count":47,"href":"https:\/\/campestellenzeminko.com\/index.php\/wp-json\/wp\/v2\/pages\/984\/revisions"}],"predecessor-version":[{"id":1326,"href":"https:\/\/campestellenzeminko.com\/index.php\/wp-json\/wp\/v2\/pages\/984\/revisions\/1326"}],"wp:attachment":[{"href":"https:\/\/campestellenzeminko.com\/index.php\/wp-json\/wp\/v2\/media?parent=984"}],"curies":[{"name":"wp","href":"https:\/\/api.w.org\/{rel}","templated":true}]}}