{"id":981,"date":"2024-02-10T11:29:04","date_gmt":"2024-02-10T10:29:04","guid":{"rendered":"https:\/\/campestellenzeminko.com\/?page_id=981"},"modified":"2024-03-16T14:06:33","modified_gmt":"2024-03-16T13:06:33","slug":"cgv","status":"publish","type":"page","link":"https:\/\/campestellenzeminko.com\/index.php\/cgv\/","title":{"rendered":"CGV"},"content":{"rendered":"\t\t<div data-elementor-type=\"wp-page\" data-elementor-id=\"981\" class=\"elementor elementor-981\">\n\t\t\t\t<div class=\"elementor-element elementor-element-c675f84 e-flex e-con-boxed e-con e-parent\" data-id=\"c675f84\" data-element_type=\"container\" data-settings=\"{&quot;jet_parallax_layout_list&quot;:[],&quot;background_background&quot;:&quot;classic&quot;}\">\n\t\t\t\t\t<div class=\"e-con-inner\">\n\t\t\t\t\t<\/div>\n\t\t\t\t<\/div>\n\t\t<div class=\"elementor-element elementor-element-aba210e e-flex e-con-boxed e-con e-parent\" data-id=\"aba210e\" data-element_type=\"container\" data-settings=\"{&quot;jet_parallax_layout_list&quot;:[]}\">\n\t\t\t\t\t<div class=\"e-con-inner\">\n\t\t\t\t\t<\/div>\n\t\t\t\t<\/div>\n\t\t<div class=\"elementor-element elementor-element-2414e2e e-flex e-con-boxed e-con e-parent\" data-id=\"2414e2e\" data-element_type=\"container\" data-settings=\"{&quot;jet_parallax_layout_list&quot;:[]}\">\n\t\t\t\t\t<div class=\"e-con-inner\">\n\t\t\t\t<div class=\"elementor-element elementor-element-99ae6c5 elementor-widget elementor-widget-heading\" data-id=\"99ae6c5\" data-element_type=\"widget\" data-widget_type=\"heading.default\">\n\t\t\t\t<div class=\"elementor-widget-container\">\n\t\t\t<h2 class=\"elementor-heading-title elementor-size-default\">Conditions g\u00e9n\u00e9rales<\/h2>\t\t<\/div>\n\t\t\t\t<\/div>\n\t\t\t\t\t<\/div>\n\t\t\t\t<\/div>\n\t\t<div class=\"elementor-element elementor-element-6e62562 e-flex e-con-boxed e-con e-parent\" data-id=\"6e62562\" data-element_type=\"container\" data-settings=\"{&quot;jet_parallax_layout_list&quot;:[]}\">\n\t\t\t\t\t<div class=\"e-con-inner\">\n\t\t\t\t<div class=\"elementor-element elementor-element-d06dc34 elementor-widget elementor-widget-text-editor\" data-id=\"d06dc34\" data-element_type=\"widget\" data-widget_type=\"text-editor.default\">\n\t\t\t\t<div class=\"elementor-widget-container\">\n\t\t\t\t\t\t\t<p>\u00ab Camp Les Intr\u00e9pides \u00bb avec Estelle NZE MINKO \u00e0 Bourg-de-P\u00e9age (26300), Dr\u00f4me du 7 au 12 juillet 2024<\/p><p>\u00a0<\/p><ol><li>INSCRIPTION<\/li><\/ol><p>Votre demande est enregistr\u00e9e directement en ligne, le paiement est s\u00e9curis\u00e9, toutes les d\u00e9marches seront d\u00e9mat\u00e9rialis\u00e9es. L\u2019adh\u00e9sion \u00e0 notre association (120 \u20ac) est int\u00e9gr\u00e9e dans le co\u00fbt du s\u00e9jour. D\u00e8s votre inscription, vous vous engagez \u00e0 :<\/p><ul><li>R\u00e9gler toute somme due \u00e0 notre association.<\/li><li>Assumer les frais suppl\u00e9mentaires qui pourraient \u00eatre engag\u00e9s pour votre enfant (m\u00e9dicaux, transports, d\u00e9gradations, etc.).<\/li><\/ul><p>L&#8217;inscription ne sera prise en compte qu&#8217;apr\u00e8s r\u00e9ception du r\u00e8glement. Notre s\u00e9jour sera agr\u00e9\u00e9 par le Minist\u00e8re de la Jeunesse et des Sports, pour l&#8217;accueil de mineurs. Nous serons habilit\u00e9s \u00e0 recevoir des aides de votre caisse d\u2019allocations familiales (CAF), sous r\u00e9serve que votre caisse locale accepte les s\u00e9jours sportifs. Nous acceptons \u00e9galement une aide de financement de votre comit\u00e9 d\u2019entreprise ou de tout autre organisme. Toute somme non r\u00e9gl\u00e9e par votre CAF ou votre C.E restera \u00e0 votre charge et vous sera r\u00e9clam\u00e9e. Le nombre de participantes en internat est limit\u00e9 \u00e0 60 stagiaires. La date limite d\u2019inscription est fix\u00e9e au 1er juillet 2024.<\/p><ol start=\"2\"><li>CONDITIONS FINANCI\u00c8RES<\/li><\/ol><p>Les frais de participation comprennent :<\/p><ul><li>L\u2019h\u00e9bergement en \u00e9tablissement scolaire en chambre de deux joueuses minimun, avec lit individuel.<\/li><li>Le petit d\u00e9jeuner pris sur place.<\/li><\/ul><p>La restauration sera assur\u00e9e soit :<\/p><ul><li>le restaurant scolaire situ\u00e9 dans l\u2019enceinte du coll\u00e8ge des Maristes, situ\u00e9 \u00e0 proximit\u00e9 du complexe Vercors. Chaque menu respectera les rep\u00e8res nutritionnels pr\u00e9vus dans le Programme National Nutrition Sant\u00e9 (PNNS). Fruits, l\u00e9gumes, prot\u00e9ines et produits laitiers seront donc au rendez-vous. Le menu propos\u00e9 comprendra un buffet d\u2019entr\u00e9es, un buffet de desserts ainsi qu\u2019un plat du jour au choix.<\/li><\/ul><p>Package stagiaire offert (\u00e9quipement, cadeaux promotionnels).<\/p><p>Les frais de participation ne comprennent pas :<\/p><ul><li>Le voyage, qui est organis\u00e9 individuellement par chaque participant(e) et n\u2019est pas inclus dans les frais de participation. Les stagiaires sont tenus de rejoindre le camp par leurs propres moyens. Une navette sera mise en place \u00e0 la gare de Valence TGV.<\/li><\/ul><p>TARIFS 2024 Stage<\/p><ul><li>Tarif en pension compl\u00e8te (3 repas\/jour) : 555 \u20ac<\/li><li>Tarif en demi-pension (1 repas\/jour) de 9h \u00e0 18h\/18h30 : 345 \u20ac<\/li><\/ul><p>PRESTATIONS SUPPL\u00c9MENTAIRES :<\/p><ul><li>Transport gare via la gare de Valence TGV : 10\u20ac l&#8217;aller, 15 \u20ac pour A\/R.<\/li><li>Arriv\u00e9e la veille (le samedi entre 17h et 21h) : 58 \u20ac (1 repas + petit d\u00e9jeuner + nuit).<\/li><li>D\u00e9part le lendemain (le vendredi entre 9h et 13h) : 58 \u20ac (1 repas + petit d\u00e9jeuner + nuit).<\/li><li><span style=\"color: var( --e-global-color-text ); text-align: var(--text-align);\">PAIEMENT : Le solde doit \u00eatre r\u00e9gl\u00e9 au plus tard le 5 juin 2024.<\/span><\/li><\/ul><ol start=\"3\"><li>CONDITIONS D\u2019ANNULATION :<\/li><\/ol><p>En cas d\u2019annulation jusqu\u2019\u00e0 60 jours avant le Camp, des frais administratifs de 50 euros seront retenus pour la gestion du dossier. Entre 59 et 30 jours avant le Camp, des frais administratifs de 100 euros seront retenus pour la gestion du dossier. Moins de 30 jours avant le Camp, 50% du montant de la facture sera retenu si nous ne sommes pas en mesure de proc\u00e9der au remplacement dans la cat\u00e9gorie concern\u00e9e. Moins de 5 jours avant le Camp, 75% du montant de la facture sera retenu si la stagiaire ne peut pas \u00eatre remplac\u00e9e.<\/p><p>Aucun remboursement ne sera effectu\u00e9 apr\u00e8s le d\u00e9but du Camp.<\/p><ol start=\"4\"><li>DOCUMENTS \u00c0 T\u00c9L\u00c9CHARGER (au 1er mai 2024)<\/li><\/ol><ul><li>Un certificat m\u00e9dical, datant de moins de 3 mois,<\/li><\/ul>\t\t\t\t\t\t<\/div>\n\t\t\t\t<\/div>\n\t\t\t\t\t<\/div>\n\t\t\t\t<\/div>\n\t\t\t\t<\/div>\n\t\t","protected":false},"excerpt":{"rendered":"<p>Conditions g\u00e9n\u00e9rales \u00ab Camp Les Intr\u00e9pides \u00bb avec Estelle NZE MINKO \u00e0 Bourg-de-P\u00e9age (26300), Dr\u00f4me du 7 au 12 juillet 2024 \u00a0 INSCRIPTION Votre demande est enregistr\u00e9e directement en ligne, le paiement est s\u00e9curis\u00e9, toutes les d\u00e9marches seront d\u00e9mat\u00e9rialis\u00e9es. L\u2019adh\u00e9sion \u00e0 notre association (120 \u20ac) est int\u00e9gr\u00e9e dans le co\u00fbt du s\u00e9jour. D\u00e8s votre inscription, [&hellip;]<\/p>\n","protected":false},"author":1,"featured_media":0,"parent":0,"menu_order":0,"comment_status":"closed","ping_status":"closed","template":"","meta":{"_acf_changed":false,"_monsterinsights_skip_tracking":false,"_monsterinsights_sitenote_active":false,"_monsterinsights_sitenote_note":"","_monsterinsights_sitenote_category":0,"footnotes":""},"class_list":["post-981","page","type-page","status-publish","hentry"],"acf":[],"aioseo_notices":[],"_links":{"self":[{"href":"https:\/\/campestellenzeminko.com\/index.php\/wp-json\/wp\/v2\/pages\/981","targetHints":{"allow":["GET"]}}],"collection":[{"href":"https:\/\/campestellenzeminko.com\/index.php\/wp-json\/wp\/v2\/pages"}],"about":[{"href":"https:\/\/campestellenzeminko.com\/index.php\/wp-json\/wp\/v2\/types\/page"}],"author":[{"embeddable":true,"href":"https:\/\/campestellenzeminko.com\/index.php\/wp-json\/wp\/v2\/users\/1"}],"replies":[{"embeddable":true,"href":"https:\/\/campestellenzeminko.com\/index.php\/wp-json\/wp\/v2\/comments?post=981"}],"version-history":[{"count":26,"href":"https:\/\/campestellenzeminko.com\/index.php\/wp-json\/wp\/v2\/pages\/981\/revisions"}],"predecessor-version":[{"id":1365,"href":"https:\/\/campestellenzeminko.com\/index.php\/wp-json\/wp\/v2\/pages\/981\/revisions\/1365"}],"wp:attachment":[{"href":"https:\/\/campestellenzeminko.com\/index.php\/wp-json\/wp\/v2\/media?parent=981"}],"curies":[{"name":"wp","href":"https:\/\/api.w.org\/{rel}","templated":true}]}}